{"id":20,"date":"2018-07-04T10:49:30","date_gmt":"2018-07-04T08:49:30","guid":{"rendered":"http:\/\/neu.hellmold-und-regenhardt.de\/?page_id=20"},"modified":"2018-07-04T10:49:30","modified_gmt":"2018-07-04T08:49:30","slug":"wir-ueber-uns","status":"publish","type":"page","link":"https:\/\/hellmold-und-regenhardt.de\/?page_id=20","title":{"rendered":"Wir \u00fcber uns"},"content":{"rendered":"<p style=\"text-align: center;\" align=\"center\">Der Meisterbetrieb Hellmold &amp; Regenhardt GbR wurde im Jahr 1994 gegr\u00fcndet und hat sich seitdem einen Namen als Bau- und M\u00f6beltischlerei gemacht.<\/p>\n<p style=\"text-align: center;\" align=\"center\">&nbsp;<\/p>\n<p style=\"text-align: center;\" align=\"center\">Kreativit\u00e4t und Qualit\u00e4t z\u00e4hlen seither zu den Merkmalen unseres kleinen, haupts\u00e4chlich im Raum&nbsp; S\u00fcdniedersachsen agierendem Handwerksbetriebes. Selbstverst\u00e4ndlich dabei ist f\u00fcr uns, die Umsetzung von speziell angepassten Kundenw\u00fcnschen.<\/p>\n<p style=\"text-align: center;\" align=\"center\">Unser Angebot umfasst neben den, in der Rubrik&nbsp;<strong>Galerie<\/strong>&nbsp;pr\u00e4sentierten&nbsp;M\u00f6belst\u00fccken ebenfalls noch die Leistungen:<\/p>\n<ul style=\"text-align: center;\">\n<li style=\"text-align: left;\">Fenster<\/li>\n<li style=\"text-align: left;\">T\u00fcren<\/li>\n<li style=\"text-align: left;\">Roll\u00e4den<\/li>\n<li style=\"text-align: left;\">Innenausbau<\/li>\n<li style=\"text-align: left;\">Treppen<\/li>\n<\/ul>\n<p style=\"text-align: center;\" align=\"center\">&nbsp;<\/p>\n<p style=\"text-align: center;\" align=\"center\">&nbsp;<\/p>\n<p style=\"text-align: center;\" align=\"center\">F\u00fcr&nbsp;<a title=\"Bitte klicken\" href=\"http:\/\/hellmold-und-regenhardt.de\/index.php\/kontakt\">Anfragen<\/a>&nbsp;oder ein individuelles Beratungsgespr\u00e4ch stehen wir Ihnen gerne zur Verf\u00fcgung.<\/p>\n<p style=\"text-align: center;\" align=\"center\">&nbsp;<\/p>\n<p style=\"text-align: center;\" align=\"center\"><em><strong>Ihre Bau- und M\u00f6beltischlerei Hellmold &amp; Regenhardt GbR<\/strong><\/em><\/p>\n","protected":false},"excerpt":{"rendered":"<p>Der Meisterbetrieb Hellmold &amp; Regenhardt GbR wurde im Jahr 1994 gegr\u00fcndet und hat sich seitdem einen Namen als Bau- und M\u00f6beltischlerei gemacht. &nbsp; Kreativit\u00e4t und Qualit\u00e4t z\u00e4hlen seither zu den Merkmalen unseres kleinen, haupts\u00e4chlich im Raum&nbsp; S\u00fcdniedersachsen agierendem Handwerksbetriebes. Selbstverst\u00e4ndlich dabei ist f\u00fcr uns,&#8230;<\/p>\n","protected":false},"author":1,"featured_media":0,"parent":0,"menu_order":0,"comment_status":"closed","ping_status":"closed","template":"","meta":{"ngg_post_thumbnail":0},"_links":{"self":[{"href":"https:\/\/hellmold-und-regenhardt.de\/index.php?rest_route=\/wp\/v2\/pages\/20"}],"collection":[{"href":"https:\/\/hellmold-und-regenhardt.de\/index.php?rest_route=\/wp\/v2\/pages"}],"about":[{"href":"https:\/\/hellmold-und-regenhardt.de\/index.php?rest_route=\/wp\/v2\/types\/page"}],"author":[{"embeddable":true,"href":"https:\/\/hellmold-und-regenhardt.de\/index.php?rest_route=\/wp\/v2\/users\/1"}],"replies":[{"embeddable":true,"href":"https:\/\/hellmold-und-regenhardt.de\/index.php?rest_route=%2Fwp%2Fv2%2Fcomments&post=20"}],"version-history":[{"count":1,"href":"https:\/\/hellmold-und-regenhardt.de\/index.php?rest_route=\/wp\/v2\/pages\/20\/revisions"}],"predecessor-version":[{"id":21,"href":"https:\/\/hellmold-und-regenhardt.de\/index.php?rest_route=\/wp\/v2\/pages\/20\/revisions\/21"}],"wp:attachment":[{"href":"https:\/\/hellmold-und-regenhardt.de\/index.php?rest_route=%2Fwp%2Fv2%2Fmedia&parent=20"}],"curies":[{"name":"wp","href":"https:\/\/api.w.org\/{rel}","templated":true}]}}