{"id":18,"date":"2018-07-04T10:48:59","date_gmt":"2018-07-04T08:48:59","guid":{"rendered":"http:\/\/neu.hellmold-und-regenhardt.de\/?page_id=18"},"modified":"2018-07-04T10:48:59","modified_gmt":"2018-07-04T08:48:59","slug":"startseite","status":"publish","type":"page","link":"https:\/\/hellmold-und-regenhardt.de\/","title":{"rendered":"Startseite"},"content":{"rendered":"<p style=\"text-align: center;\">Mit dieser Internetpr\u00e4sentation m\u00f6chten wir uns bei Ihnen vorstellen.<\/p>\n<p style=\"text-align: center;\">Wir w\u00fcnschen Ihnen viel Spa\u00df dabei.<\/p>\n<p style=\"text-align: center;\">&nbsp;<\/p>\n<p style=\"text-align: center;\"><em><strong>Ihre Bau- und M\u00f6beltischlerei Hellmold &amp; Regenhardt GbR<\/strong><\/em><\/p>\n","protected":false},"excerpt":{"rendered":"<p>Mit dieser Internetpr\u00e4sentation m\u00f6chten wir uns bei Ihnen vorstellen. Wir w\u00fcnschen Ihnen viel Spa\u00df dabei. &nbsp; Ihre Bau- und M\u00f6beltischlerei Hellmold &amp; Regenhardt GbR<\/p>\n","protected":false},"author":1,"featured_media":0,"parent":0,"menu_order":0,"comment_status":"closed","ping_status":"closed","template":"","meta":{"ngg_post_thumbnail":0},"_links":{"self":[{"href":"https:\/\/hellmold-und-regenhardt.de\/index.php?rest_route=\/wp\/v2\/pages\/18"}],"collection":[{"href":"https:\/\/hellmold-und-regenhardt.de\/index.php?rest_route=\/wp\/v2\/pages"}],"about":[{"href":"https:\/\/hellmold-und-regenhardt.de\/index.php?rest_route=\/wp\/v2\/types\/page"}],"author":[{"embeddable":true,"href":"https:\/\/hellmold-und-regenhardt.de\/index.php?rest_route=\/wp\/v2\/users\/1"}],"replies":[{"embeddable":true,"href":"https:\/\/hellmold-und-regenhardt.de\/index.php?rest_route=%2Fwp%2Fv2%2Fcomments&post=18"}],"version-history":[{"count":1,"href":"https:\/\/hellmold-und-regenhardt.de\/index.php?rest_route=\/wp\/v2\/pages\/18\/revisions"}],"predecessor-version":[{"id":19,"href":"https:\/\/hellmold-und-regenhardt.de\/index.php?rest_route=\/wp\/v2\/pages\/18\/revisions\/19"}],"wp:attachment":[{"href":"https:\/\/hellmold-und-regenhardt.de\/index.php?rest_route=%2Fwp%2Fv2%2Fmedia&parent=18"}],"curies":[{"name":"wp","href":"https:\/\/api.w.org\/{rel}","templated":true}]}}